{"id":48,"date":"2017-03-14T16:22:52","date_gmt":"2017-03-14T15:22:52","guid":{"rendered":"http:\/\/deman-uebersetzungen.com\/en\/?page_id=48"},"modified":"2021-06-21T08:59:21","modified_gmt":"2021-06-21T06:59:21","slug":"legal-information","status":"publish","type":"page","link":"https:\/\/deman-uebersetzungen.com\/en\/contact\/legal-information\/","title":{"rendered":"Legal information"},"content":{"rendered":"<h1>Legal information<\/h1>\n<p>DEMAN \u00dcbersetzungen GmbH<br \/>\nCEO: C\u00e9dric Sigoire<br \/>\nGrafenberger Allee 68<br \/>\nD-40237 D\u00fcsseldorf<br \/>\nGermany<\/p>\n<p>Telefon: +49-(0)211-6988-575<br \/>\nTelefax: +49-(0)211-6988-576<br \/>\nE-Mail: sales@deman-uebersetzungen.com<\/p>\n<p>Registergericht D\u00fcsseldorf HRB 79491<br \/>\nEU USt.-ID-Nr. DE310135451<\/p>\n<p>We assume no responsibility for any incorrect information on this website.<br \/>\nThe German version of our currently effective, print copy of the Bill of Quantities, the price list and our Terms of Business shall be authoritative.<\/p>\n","protected":false},"excerpt":{"rendered":"<p>Legal information DEMAN \u00dcbersetzungen GmbH CEO: C\u00e9dric Sigoire Grafenberger Allee 68 D-40237 D\u00fcsseldorf Germany Telefon: +49-(0)211-6988-575 Telefax: +49-(0)211-6988-576 E-Mail: sales@deman-uebersetzungen.com Registergericht D\u00fcsseldorf HRB 79491 EU USt.-ID-Nr. DE310135451 We assume no responsibility for any incorrect information on this website. The German version of our currently effective, print copy of the Bill of Quantities, the price list [&hellip;]<\/p>\n","protected":false},"author":1,"featured_media":0,"parent":44,"menu_order":0,"comment_status":"closed","ping_status":"closed","template":"","meta":[],"yoast_head":"<!-- This site is optimized with the Yoast SEO Premium plugin v15.6.1 - https:\/\/yoast.com\/wordpress\/plugins\/seo\/ -->\n<title>Legal information - DEMAN Translations<\/title>\n<meta name=\"description\" content=\"Deman \u00dcbersetzungen \u00dcbersetzung-Dienstleistung-Beratung Paul Alexander Deman e.K in D\u00fcsseldorf - Inhaber Inhaber C\u00e9dric Sigoire\" \/>\n<meta name=\"robots\" content=\"index, follow, max-snippet:-1, max-image-preview:large, max-video-preview:-1\" \/>\n<link rel=\"canonical\" href=\"https:\/\/deman-uebersetzungen.com\/en\/contact\/legal-information\/\" \/>\n<meta property=\"og:locale\" content=\"en_US\" \/>\n<meta property=\"og:type\" content=\"article\" \/>\n<meta property=\"og:title\" content=\"Legal information - DEMAN Translations\" \/>\n<meta property=\"og:description\" content=\"Deman \u00dcbersetzungen \u00dcbersetzung-Dienstleistung-Beratung Paul Alexander Deman e.K in D\u00fcsseldorf - Inhaber Inhaber C\u00e9dric Sigoire\" \/>\n<meta property=\"og:url\" content=\"https:\/\/deman-uebersetzungen.com\/en\/contact\/legal-information\/\" \/>\n<meta property=\"og:site_name\" content=\"DEMAN Translations\" \/>\n<meta property=\"article:modified_time\" content=\"2021-06-21T06:59:21+00:00\" \/>\n<meta name=\"twitter:card\" content=\"summary\" \/>\n<meta name=\"twitter:label1\" content=\"Est. reading time\">\n\t<meta name=\"twitter:data1\" content=\"1 minute\">\n<script type=\"application\/ld+json\" class=\"yoast-schema-graph\">{\"@context\":\"https:\/\/schema.org\",\"@graph\":[{\"@type\":\"WebSite\",\"@id\":\"https:\/\/deman-uebersetzungen.com\/en\/#website\",\"url\":\"https:\/\/deman-uebersetzungen.com\/en\/\",\"name\":\"DEMAN Translations\",\"description\":\"We speak your language\",\"potentialAction\":[{\"@type\":\"SearchAction\",\"target\":\"https:\/\/deman-uebersetzungen.com\/en\/?s={search_term_string}\",\"query-input\":\"required name=search_term_string\"}],\"inLanguage\":\"en-US\"},{\"@type\":\"WebPage\",\"@id\":\"https:\/\/deman-uebersetzungen.com\/en\/contact\/legal-information\/#webpage\",\"url\":\"https:\/\/deman-uebersetzungen.com\/en\/contact\/legal-information\/\",\"name\":\"Legal information - DEMAN Translations\",\"isPartOf\":{\"@id\":\"https:\/\/deman-uebersetzungen.com\/en\/#website\"},\"datePublished\":\"2017-03-14T15:22:52+00:00\",\"dateModified\":\"2021-06-21T06:59:21+00:00\",\"description\":\"Deman \\u00dcbersetzungen \\u00dcbersetzung-Dienstleistung-Beratung Paul Alexander Deman e.K in D\\u00fcsseldorf - Inhaber Inhaber C\\u00e9dric Sigoire\",\"inLanguage\":\"en-US\",\"potentialAction\":[{\"@type\":\"ReadAction\",\"target\":[\"https:\/\/deman-uebersetzungen.com\/en\/contact\/legal-information\/\"]}]}]}<\/script>\n<!-- \/ Yoast SEO Premium plugin. -->","_links":{"self":[{"href":"https:\/\/deman-uebersetzungen.com\/en\/wp-json\/wp\/v2\/pages\/48"}],"collection":[{"href":"https:\/\/deman-uebersetzungen.com\/en\/wp-json\/wp\/v2\/pages"}],"about":[{"href":"https:\/\/deman-uebersetzungen.com\/en\/wp-json\/wp\/v2\/types\/page"}],"author":[{"embeddable":true,"href":"https:\/\/deman-uebersetzungen.com\/en\/wp-json\/wp\/v2\/users\/1"}],"replies":[{"embeddable":true,"href":"https:\/\/deman-uebersetzungen.com\/en\/wp-json\/wp\/v2\/comments?post=48"}],"version-history":[{"count":5,"href":"https:\/\/deman-uebersetzungen.com\/en\/wp-json\/wp\/v2\/pages\/48\/revisions"}],"predecessor-version":[{"id":278,"href":"https:\/\/deman-uebersetzungen.com\/en\/wp-json\/wp\/v2\/pages\/48\/revisions\/278"}],"up":[{"embeddable":true,"href":"https:\/\/deman-uebersetzungen.com\/en\/wp-json\/wp\/v2\/pages\/44"}],"wp:attachment":[{"href":"https:\/\/deman-uebersetzungen.com\/en\/wp-json\/wp\/v2\/media?parent=48"}],"curies":[{"name":"wp","href":"https:\/\/api.w.org\/{rel}","templated":true}]}}